{"id":1196,"date":"2023-09-15T00:21:54","date_gmt":"2023-09-14T22:21:54","guid":{"rendered":"https:\/\/oneroom-hotel.com\/?page_id=1196"},"modified":"2023-10-20T19:00:25","modified_gmt":"2023-10-20T17:00:25","slug":"ainay-le-vieil","status":"publish","type":"page","link":"https:\/\/oneroom-hotel.com\/en\/nos-lieux\/ainay-le-vieil\/","title":{"rendered":"Ainay-le-Vieil"},"content":{"rendered":"<div data-elementor-type=\"wp-page\" data-elementor-id=\"1196\" class=\"elementor elementor-1196\">\n\t\t\t\t\t\t\t\t\t<section class=\"elementor-section elementor-top-section elementor-element elementor-element-ed9a911 elementor-section-boxed elementor-section-height-default elementor-section-height-default\" data-id=\"ed9a911\" data-element_type=\"section\">\n\t\t\t\t\t\t<div class=\"elementor-container elementor-column-gap-default\">\n\t\t\t\t\t<div class=\"elementor-column elementor-col-100 elementor-top-column elementor-element elementor-element-3097b82\" data-id=\"3097b82\" data-element_type=\"column\">\n\t\t\t<div class=\"elementor-widget-wrap elementor-element-populated\">\n\t\t\t\t\t\t\t\t<div class=\"elementor-element elementor-element-c352063 elementor-align-right elementor-widget__width-auto elementor-widget elementor-widget-button\" data-id=\"c352063\" data-element_type=\"widget\" data-widget_type=\"button.default\">\n\t\t\t\t<div class=\"elementor-widget-container\">\n\t\t\t\t\t<div class=\"elementor-button-wrapper\">\n\t\t\t<a href=\"https:\/\/oneroom-hotel.com\/en\/annonces\/ainay-le-vieil\/\" class=\"elementor-button-link elementor-button elementor-size-sm\" role=\"button\">\n\t\t\t\t\t\t<span class=\"elementor-button-content-wrapper\">\n\t\t\t\t\t\t<span class=\"elementor-button-text\">See all our OneRoom in Ainay-le-Vieil<\/span>\n\t\t<\/span>\n\t\t\t\t\t<\/a>\n\t\t<\/div>\n\t\t\t\t<\/div>\n\t\t\t\t<\/div>\n\t\t\t\t\t<\/div>\n\t\t<\/div>\n\t\t\t\t\t\t\t<\/div>\n\t\t<\/section>\n\t\t\t\t<section class=\"elementor-section elementor-top-section elementor-element elementor-element-a126401 elementor-section-full_width elementor-section-content-top elementor-section-height-default elementor-section-height-default\" data-id=\"a126401\" data-element_type=\"section\">\n\t\t\t\t\t\t<div class=\"elementor-container elementor-column-gap-wide\">\n\t\t\t\t\t<div class=\"elementor-column elementor-col-50 elementor-top-column elementor-element elementor-element-262f6cc\" data-id=\"262f6cc\" data-element_type=\"column\">\n\t\t\t<div class=\"elementor-widget-wrap elementor-element-populated\">\n\t\t\t\t\t\t\t\t<div class=\"elementor-element elementor-element-84bc1c0 elementor-widget elementor-widget-image\" data-id=\"84bc1c0\" data-element_type=\"widget\" data-widget_type=\"image.default\">\n\t\t\t\t<div class=\"elementor-widget-container\">\n\t\t\t<style>\/*! elementor - v3.12.1 - 02-04-2023 *\/\n.elementor-widget-image{text-align:center}.elementor-widget-image a{display:inline-block}.elementor-widget-image a img[src$=\".svg\"]{width:48px}.elementor-widget-image img{vertical-align:middle;display:inline-block}<\/style>\t\t\t\t\t\t\t\t\t\t\t\t<img loading=\"lazy\" decoding=\"async\" width=\"749\" height=\"499\" src=\"https:\/\/oneroom-hotel.com\/wp-content\/uploads\/2023\/09\/1-logis-renaissance-du-cheteau-dainay-le-vieil-hd_3_201401-167472225519055-1.jpeg\" class=\"attachment-large size-large wp-image-1210\" alt=\"\" srcset=\"https:\/\/oneroom-hotel.com\/wp-content\/uploads\/2023\/09\/1-logis-renaissance-du-cheteau-dainay-le-vieil-hd_3_201401-167472225519055-1.jpeg 960w, https:\/\/oneroom-hotel.com\/wp-content\/uploads\/2023\/09\/1-logis-renaissance-du-cheteau-dainay-le-vieil-hd_3_201401-167472225519055-1-300x200.jpeg 300w, https:\/\/oneroom-hotel.com\/wp-content\/uploads\/2023\/09\/1-logis-renaissance-du-cheteau-dainay-le-vieil-hd_3_201401-167472225519055-1-768x512.jpeg 768w, https:\/\/oneroom-hotel.com\/wp-content\/uploads\/2023\/09\/1-logis-renaissance-du-cheteau-dainay-le-vieil-hd_3_201401-167472225519055-1-18x12.jpeg 18w, https:\/\/oneroom-hotel.com\/wp-content\/uploads\/2023\/09\/1-logis-renaissance-du-cheteau-dainay-le-vieil-hd_3_201401-167472225519055-1-600x400.jpeg 600w\" sizes=\"auto, (max-width: 749px) 100vw, 749px\" \/>\t\t\t\t\t\t\t\t\t\t\t\t\t\t\t<\/div>\n\t\t\t\t<\/div>\n\t\t\t\t\t<\/div>\n\t\t<\/div>\n\t\t\t\t<div class=\"elementor-column elementor-col-50 elementor-top-column elementor-element elementor-element-75101fa\" data-id=\"75101fa\" data-element_type=\"column\">\n\t\t\t<div class=\"elementor-widget-wrap elementor-element-populated\">\n\t\t\t\t\t\t\t\t<div class=\"elementor-element elementor-element-76f5ed0 elementor-widget elementor-widget-text-editor\" data-id=\"76f5ed0\" data-element_type=\"widget\" data-widget_type=\"text-editor.default\">\n\t\t\t\t<div class=\"elementor-widget-container\">\n\t\t\t<style>\/*! elementor - v3.12.1 - 02-04-2023 *\/\n.elementor-widget-text-editor.elementor-drop-cap-view-stacked .elementor-drop-cap{background-color:#69727d;color:#fff}.elementor-widget-text-editor.elementor-drop-cap-view-framed .elementor-drop-cap{color:#69727d;border:3px solid;background-color:transparent}.elementor-widget-text-editor:not(.elementor-drop-cap-view-default) .elementor-drop-cap{margin-top:8px}.elementor-widget-text-editor:not(.elementor-drop-cap-view-default) .elementor-drop-cap-letter{width:1em;height:1em}.elementor-widget-text-editor .elementor-drop-cap{float:left;text-align:center;line-height:1;font-size:50px}.elementor-widget-text-editor .elementor-drop-cap-letter{display:inline-block}<\/style>\t\t\t\t<h3>Ch\u00e2teau d'Ainay-le-Vieil, with its 9 towers<\/h3><p>This village of fewer than 200 inhabitants, on the border between the Cher and Allier departments, has preserved a variety of features from different eras: castle and church, narrow streets and buildings such as the washhouse, the Berry canal and the Mairie (town hall) have all shaped this small village, giving visitors a taste of French history and the rural world.<\/p>\n<p>\nIn addition to its 13th-century fortress, which includes a 15th-century main building and is surrounded by magnificent gardens, Ainay-le-Vieil has a wealth of stories and anecdotes to tell.<\/p>\n\t\t\t\t\t\t<\/div>\n\t\t\t\t<\/div>\n\t\t\t\t\t<\/div>\n\t\t<\/div>\n\t\t\t\t\t\t\t<\/div>\n\t\t<\/section>\n\t\t\t\t<section class=\"elementor-section elementor-top-section elementor-element elementor-element-e2c57da elementor-section-full_width elementor-section-content-top elementor-section-height-default elementor-section-height-default\" data-id=\"e2c57da\" data-element_type=\"section\">\n\t\t\t\t\t\t<div class=\"elementor-container elementor-column-gap-wide\">\n\t\t\t\t\t<div class=\"elementor-column elementor-col-100 elementor-top-column elementor-element elementor-element-e8cdd33\" data-id=\"e8cdd33\" data-element_type=\"column\">\n\t\t\t<div class=\"elementor-widget-wrap elementor-element-populated\">\n\t\t\t\t\t\t\t\t<div class=\"elementor-element elementor-element-b0dbaa5 elementor-widget elementor-widget-text-editor\" data-id=\"b0dbaa5\" data-element_type=\"widget\" data-widget_type=\"text-editor.default\">\n\t\t\t\t<div class=\"elementor-widget-container\">\n\t\t\t\t\t\t\t<h3>Ch\u00e2teau d'Ainay-le-Vieil, a Renaissance ch\u00e2teau built on an intact feudal enclosure<\/h3>\n<p>Straight out of the Middle Ages, this fortified castle retains the strength and terror of its loopholes, stunners and oubliettes.\nFollow the trail of these soldiers from another time on the ramparts, within reach of the crossbows, gargoyles and dragon.<\/p>\n<p>\nThe courtyard and dwelling, where two mermaids keep watch, open their doors to a world rich in centuries of encounters and history.\nTower after tower, this place of a thousand secrets will transport you from the Middle Ages to the present day.\n<\/p>\n\n<h3>Ch\u00e2teau d'Ainay-le-Vieil, a Renaissance ch\u00e2teau built on an intact feudal enclosure<\/h3>\n\n<p>It perpetuates the memory of Louis XII, Colbert and Napoleon. The salon is decorated in honor of Louis XII and Anne de Bretagne.\nNicknamed \"le petit <a href=\"https:\/\/fr.wikipedia.org\/wiki\/Carcassonne\">Carcassonne <\/a>The ch\u00e2teau d'Ainay-le-Vieil is now part of the tourist route of the \"Route Touristique\". <a href=\"https:\/\/fr.wikipedia.org\/wiki\/Jacques_C%C5%93ur\">Jacques C\u0153ur<\/a>.<\/p>\n\n<h3>Jardins d'Ainay-le-Vieil, a park and gardens classified as remarkable gardens that reflect the history of gardens<\/h3>\n\n<p>In the landscaped park with its century-old trees surrounding the ch\u00e2teau, the gardens offer a beautiful contrast between the long perspectives on the water of the Renaissance canals and the enclosed gardens (hortus conclusus) of the 19th-century chartreuses. They guide visitors on a veritable promenade through the art of gardening: the rose garden through two Renaissance pavilions, the Carr\u00e9 en l'\u00eele with its pleated hornbeams and the 5 chartreuses, each with its own themed garden: the mixed-border, the sculpted orchard, the meditation garden, the cloister of simples and the parterres de broderies de buis.<\/p>\n\n<h3>The Museum of Popular Arts and Traditions<\/h3>\n\n<p>A permanent exhibition depicting daily life in the village of Ainay-le-Vieil before the 1914 war.<\/p>\n<\/p>Discover the rural world, its customs, daily life and the wealth of trades that existed at the time: a shop, a classroom, a clogmaker's workshop, a blacksmith's workshop, old beehives, or the typical interior of an early 20th-century farming family.\n<\/p>\t\t\t\t\t\t<\/div>\n\t\t\t\t<\/div>\n\t\t\t\t\t<\/div>\n\t\t<\/div>\n\t\t\t\t\t\t\t<\/div>\n\t\t<\/section>\n\t\t\t\t<section class=\"elementor-section elementor-top-section elementor-element elementor-element-8dfd3f9 elementor-section-boxed elementor-section-height-default elementor-section-height-default\" data-id=\"8dfd3f9\" data-element_type=\"section\">\n\t\t\t\t\t\t<div class=\"elementor-container elementor-column-gap-default\">\n\t\t\t\t\t<div class=\"elementor-column elementor-col-100 elementor-top-column elementor-element elementor-element-08bd912\" data-id=\"08bd912\" data-element_type=\"column\">\n\t\t\t<div class=\"elementor-widget-wrap elementor-element-populated\">\n\t\t\t\t\t\t\t\t<div class=\"elementor-element elementor-element-ebdaa8d elementor-widget-divider--view-line elementor-widget elementor-widget-divider\" data-id=\"ebdaa8d\" data-element_type=\"widget\" data-widget_type=\"divider.default\">\n\t\t\t\t<div class=\"elementor-widget-container\">\n\t\t\t<style>\/*! elementor - v3.12.1 - 02-04-2023 *\/\n.elementor-widget-divider{--divider-border-style:none;--divider-border-width:1px;--divider-color:#0c0d0e;--divider-icon-size:20px;--divider-element-spacing:10px;--divider-pattern-height:24px;--divider-pattern-size:20px;--divider-pattern-url:none;--divider-pattern-repeat:repeat-x}.elementor-widget-divider .elementor-divider{display:flex}.elementor-widget-divider .elementor-divider__text{font-size:15px;line-height:1;max-width:95%}.elementor-widget-divider .elementor-divider__element{margin:0 var(--divider-element-spacing);flex-shrink:0}.elementor-widget-divider .elementor-icon{font-size:var(--divider-icon-size)}.elementor-widget-divider .elementor-divider-separator{display:flex;margin:0;direction:ltr}.elementor-widget-divider--view-line_icon .elementor-divider-separator,.elementor-widget-divider--view-line_text .elementor-divider-separator{align-items:center}.elementor-widget-divider--view-line_icon .elementor-divider-separator:after,.elementor-widget-divider--view-line_icon .elementor-divider-separator:before,.elementor-widget-divider--view-line_text .elementor-divider-separator:after,.elementor-widget-divider--view-line_text .elementor-divider-separator:before{display:block;content:\"\";border-bottom:0;flex-grow:1;border-top:var(--divider-border-width) var(--divider-border-style) var(--divider-color)}.elementor-widget-divider--element-align-left .elementor-divider .elementor-divider-separator>.elementor-divider__svg:first-of-type{flex-grow:0;flex-shrink:100}.elementor-widget-divider--element-align-left .elementor-divider-separator:before{content:none}.elementor-widget-divider--element-align-left .elementor-divider__element{margin-left:0}.elementor-widget-divider--element-align-right .elementor-divider .elementor-divider-separator>.elementor-divider__svg:last-of-type{flex-grow:0;flex-shrink:100}.elementor-widget-divider--element-align-right .elementor-divider-separator:after{content:none}.elementor-widget-divider--element-align-right .elementor-divider__element{margin-right:0}.elementor-widget-divider:not(.elementor-widget-divider--view-line_text):not(.elementor-widget-divider--view-line_icon) .elementor-divider-separator{border-top:var(--divider-border-width) var(--divider-border-style) var(--divider-color)}.elementor-widget-divider--separator-type-pattern{--divider-border-style:none}.elementor-widget-divider--separator-type-pattern.elementor-widget-divider--view-line .elementor-divider-separator,.elementor-widget-divider--separator-type-pattern:not(.elementor-widget-divider--view-line) .elementor-divider-separator:after,.elementor-widget-divider--separator-type-pattern:not(.elementor-widget-divider--view-line) .elementor-divider-separator:before,.elementor-widget-divider--separator-type-pattern:not([class*=elementor-widget-divider--view]) .elementor-divider-separator{width:100%;min-height:var(--divider-pattern-height);-webkit-mask-size:var(--divider-pattern-size) 100%;mask-size:var(--divider-pattern-size) 100%;-webkit-mask-repeat:var(--divider-pattern-repeat);mask-repeat:var(--divider-pattern-repeat);background-color:var(--divider-color);-webkit-mask-image:var(--divider-pattern-url);mask-image:var(--divider-pattern-url)}.elementor-widget-divider--no-spacing{--divider-pattern-size:auto}.elementor-widget-divider--bg-round{--divider-pattern-repeat:round}.rtl .elementor-widget-divider .elementor-divider__text{direction:rtl}.e-con-inner>.elementor-widget-divider,.e-con>.elementor-widget-divider{width:var(--container-widget-width,100%);--flex-grow:var(--container-widget-flex-grow)}<\/style>\t\t<div class=\"elementor-divider\">\n\t\t\t<span class=\"elementor-divider-separator\">\n\t\t\t\t\t\t<\/span>\n\t\t<\/div>\n\t\t\t\t<\/div>\n\t\t\t\t<\/div>\n\t\t\t\t<div class=\"elementor-element elementor-element-1af971f elementor-widget elementor-widget-heading\" data-id=\"1af971f\" data-element_type=\"widget\" data-widget_type=\"heading.default\">\n\t\t\t\t<div class=\"elementor-widget-container\">\n\t\t\t<style>\/*! elementor - v3.12.1 - 02-04-2023 *\/\n.elementor-heading-title{padding:0;margin:0;line-height:1}.elementor-widget-heading .elementor-heading-title[class*=elementor-size-]>a{color:inherit;font-size:inherit;line-height:inherit}.elementor-widget-heading .elementor-heading-title.elementor-size-small{font-size:15px}.elementor-widget-heading .elementor-heading-title.elementor-size-medium{font-size:19px}.elementor-widget-heading .elementor-heading-title.elementor-size-large{font-size:29px}.elementor-widget-heading .elementor-heading-title.elementor-size-xl{font-size:39px}.elementor-widget-heading .elementor-heading-title.elementor-size-xxl{font-size:59px}<\/style><h2 class=\"elementor-heading-title elementor-size-default\">Our OneRoom in Ainay-le-Vieil<\/h2>\t\t<\/div>\n\t\t\t\t<\/div>\n\t\t\t\t<div class=\"elementor-element elementor-element-bea91c9 elementor-widget elementor-widget-hivepress-listings\" data-id=\"bea91c9\" data-element_type=\"widget\" data-widget_type=\"hivepress-listings.default\">\n\t\t\t\t<div class=\"elementor-widget-container\">\n\t\t\t<div class=\"hp-listings hp-block hp-grid\"><div class=\"hp-row\"><div class=\"hp-grid__item hp-col-sm-4 hp-col-xs-12\"><article class=\"hp-listing hp-listing--view-block\"><header class=\"hp-listing__header\">\t<div class=\"hp-listing__categories hp-listing__category\">\n\t\t\t\t\t<a href=\"https:\/\/oneroom-hotel.com\/en\/annonces\/ainay-le-vieil\/\">Ainay-le-Vieil<\/a>\n\t\t\t\t\t<a href=\"https:\/\/oneroom-hotel.com\/en\/annonces\/villa\/\">Villa<\/a>\n\t\t\t<\/div>\n\t<div class=\"hp-listing__image\" data-component=\"carousel-slider\" data-preview=\"false\" data-url=\"https:\/\/oneroom-hotel.com\/en\/annonce\/ainay-le-vieil-canal-de-berry-villa\/\">\n\t\t\t<a href=\"https:\/\/oneroom-hotel.com\/en\/annonce\/ainay-le-vieil-canal-de-berry-villa\/\">\n\t\t\t\t\t\t\t<img decoding=\"async\" src=\"https:\/\/oneroom-hotel.com\/wp-content\/uploads\/2023\/09\/1-400x300.jpg\" alt=\"Ainay-Le-Vieil - Canal de Berry - Villa\" loading=\"lazy\">\n\t\t\t\t\t<\/a>\n\t<\/div>\n<\/header><div class=\"hp-listing__content\"><h4 class=\"hp-listing__title\"><a href=\"https:\/\/oneroom-hotel.com\/en\/annonce\/ainay-le-vieil-canal-de-berry-villa\/\">Ainay-Le-Vieil - Canal de Berry - Villa<\/a>\n<\/h4><div class=\"hp-listing__details hp-listing__details--primary\">\t<div class=\"hp-listing__location\">\n\t\t<i class=\"hp-icon fas fa-map-marker-alt\"><\/i>\n\t\t\t\t\t<a href=\"https:\/\/www.google.com\/maps\/search\/?api=1&#038;query=46.66842,2.552787\" target=\"_blank\">3 Rue de Meslon, Ainay-le-Vieil<\/a>\n\t\t\t<\/div>\n\t<time class=\"hp-listing__created-date hp-listing__date hp-meta\" datetime=\"2023-09-15 11:25:32\">\n\tAdded on 15 September 2023<\/time>\n<\/div><div class=\"hp-block hp-listing__attributes hp-listing__attributes--secondary\"><div class=\"hp-row\"><div class=\"hp-col-lg-6 hp-col-xs-12\"><div class=\"hp-listing__attribute hp-listing__attribute--vue\"><i class=\"hp-icon fas fa-fw fa-eye\"><\/i> <strong>View<\/strong>: Campaign<\/div><\/div><div class=\"hp-col-lg-6 hp-col-xs-12\"><div class=\"hp-listing__attribute hp-listing__attribute--square-footage\"><i class=\"hp-icon fas fa-fw fa-th-large\"><\/i> <strong>Surface<\/strong>: 160 m\u00b2<\/div><\/div><div class=\"hp-col-lg-6 hp-col-xs-12\"><div class=\"hp-listing__attribute hp-listing__attribute--pieces\"><i class=\"hp-icon fas fa-fw fa-door-closed\"><\/i> <strong>Parts<\/strong>: 5<\/div><\/div><div class=\"hp-col-lg-6 hp-col-xs-12\"><div class=\"hp-listing__attribute hp-listing__attribute--exterieur\"><i class=\"hp-icon fas fa-fw fa-sun\"><\/i> 1500m\u00b2 garden<\/div><\/div><div class=\"hp-col-lg-6 hp-col-xs-12\"><div class=\"hp-listing__attribute hp-listing__attribute--etage\"><i class=\"hp-icon fas fa-fw fa-building\"><\/i> <strong>Floor<\/strong>2 levels<\/div><\/div><div class=\"hp-col-lg-6 hp-col-xs-12\"><div class=\"hp-listing__attribute hp-listing__attribute--bathrooms\"><i class=\"hp-icon fas fa-fw fa-bath\"><\/i> Balneo<\/div><\/div><\/div><\/div><\/div><footer class=\"hp-listing__footer\"><div class=\"hp-block hp-listing__attributes hp-listing__attributes--primary\"><div class=\"hp-listing__attribute hp-listing__attribute--price\">110.00 \u20ac \/ night<\/div><\/div><div class=\"hp-listing__actions hp-listing__actions--primary\"><a href=\"#user_login_modal\" title=\"Send Message\" class=\"hp-listing__action hp-listing__action--message\"><i class=\"hp-icon fas fa-comment\"><\/i><\/a>\n<a class=\"hp-listing__action hp-listing__action--favorite\" href=\"#user_login_modal\"><i class=\"hp-icon fas fa-heart\"><\/i><\/a><\/div><\/footer><\/article><\/div><\/div><\/div>\t\t<\/div>\n\t\t\t\t<\/div>\n\t\t\t\t\t<\/div>\n\t\t<\/div>\n\t\t\t\t\t\t\t<\/div>\n\t\t<\/section>\n\t\t\t\t\t\t\t<\/div>","protected":false},"excerpt":{"rendered":"<p>See all our OneRoom in Ainay-le-Vieil Ch\u00e2teau d'Ainay-le-Vieil, and its 9 towers This village of less than 200 inhabitants on the border of the Cher and Allier rivers has preserved a variety of features from different eras: ch\u00e2teau and church, narrow streets and buildings such as the wash house or the Berry canal, or the town hall [...].<\/p>","protected":false},"author":1,"featured_media":0,"parent":874,"menu_order":0,"comment_status":"closed","ping_status":"closed","template":"","meta":{"footnotes":""},"class_list":["post-1196","page","type-page","status-publish","hentry"],"acf":[],"yoast_head":"<!-- This site is optimized with the Yoast SEO plugin v21.4 - https:\/\/yoast.com\/wordpress\/plugins\/seo\/ -->\n<title>Ainay-le-Vieil - OneRoom<\/title>\n<meta name=\"robots\" content=\"index, follow, max-snippet:-1, max-image-preview:large, max-video-preview:-1\" \/>\n<link rel=\"canonical\" href=\"https:\/\/oneroom-hotel.com\/en\/nos-lieux\/ainay-le-vieil\/\" \/>\n<meta property=\"og:locale\" content=\"en_US\" \/>\n<meta property=\"og:type\" content=\"article\" \/>\n<meta property=\"og:title\" content=\"Ainay-le-Vieil - OneRoom\" \/>\n<meta property=\"og:description\" content=\"Voir toutes nos OneRoom \u00e0 Ainay-le-Vieil Ch\u00e2teau d\u2019Ainay-le-Vieil, et ses 9 tours Ce village de moins de 200 habitants situ\u00e9 en limite du Cher et de l\u2019Allier a su conserv\u00e9 diff\u00e9rents t\u00e9moignages selon les \u00e9poques : ch\u00e2teau et \u00e9glise, ruelles et \u00e9difices tels que le lavoir ou le canal de Berry ou encore la Mairie [&hellip;]\" \/>\n<meta property=\"og:url\" content=\"https:\/\/oneroom-hotel.com\/en\/nos-lieux\/ainay-le-vieil\/\" \/>\n<meta property=\"og:site_name\" content=\"OneRoom\" \/>\n<meta property=\"article:modified_time\" content=\"2023-10-20T17:00:25+00:00\" \/>\n<meta property=\"og:image\" content=\"https:\/\/oneroom-hotel.com\/wp-content\/uploads\/2023\/09\/1-logis-renaissance-du-cheteau-dainay-le-vieil-hd_3_201401-167472225519055-1.jpeg\" \/>\n<meta name=\"twitter:card\" content=\"summary_large_image\" \/>\n<script type=\"application\/ld+json\" class=\"yoast-schema-graph\">{\"@context\":\"https:\/\/schema.org\",\"@graph\":[{\"@type\":\"WebPage\",\"@id\":\"https:\/\/oneroom-hotel.com\/nos-lieux\/ainay-le-vieil\/\",\"url\":\"https:\/\/oneroom-hotel.com\/nos-lieux\/ainay-le-vieil\/\",\"name\":\"Ainay-le-Vieil - OneRoom\",\"isPartOf\":{\"@id\":\"https:\/\/oneroom-hotel.com\/#website\"},\"datePublished\":\"2023-09-14T22:21:54+00:00\",\"dateModified\":\"2023-10-20T17:00:25+00:00\",\"breadcrumb\":{\"@id\":\"https:\/\/oneroom-hotel.com\/nos-lieux\/ainay-le-vieil\/#breadcrumb\"},\"inLanguage\":\"en-US\",\"potentialAction\":[{\"@type\":\"ReadAction\",\"target\":[\"https:\/\/oneroom-hotel.com\/nos-lieux\/ainay-le-vieil\/\"]}]},{\"@type\":\"BreadcrumbList\",\"@id\":\"https:\/\/oneroom-hotel.com\/nos-lieux\/ainay-le-vieil\/#breadcrumb\",\"itemListElement\":[{\"@type\":\"ListItem\",\"position\":1,\"name\":\"Accueil\",\"item\":\"https:\/\/oneroom-hotel.com\/\"},{\"@type\":\"ListItem\",\"position\":2,\"name\":\"Nos lieux\",\"item\":\"https:\/\/oneroom-hotel.com\/nos-lieux\/\"},{\"@type\":\"ListItem\",\"position\":3,\"name\":\"Ainay-le-Vieil\"}]},{\"@type\":\"WebSite\",\"@id\":\"https:\/\/oneroom-hotel.com\/#website\",\"url\":\"https:\/\/oneroom-hotel.com\/\",\"name\":\"OneRoom\",\"description\":\"Offrez-vous une vue d\u2019exception\",\"publisher\":{\"@id\":\"https:\/\/oneroom-hotel.com\/#organization\"},\"potentialAction\":[{\"@type\":\"SearchAction\",\"target\":{\"@type\":\"EntryPoint\",\"urlTemplate\":\"https:\/\/oneroom-hotel.com\/?s={search_term_string}\"},\"query-input\":\"required name=search_term_string\"}],\"inLanguage\":\"en-US\"},{\"@type\":\"Organization\",\"@id\":\"https:\/\/oneroom-hotel.com\/#organization\",\"name\":\"OneRoom\",\"url\":\"https:\/\/oneroom-hotel.com\/\",\"logo\":{\"@type\":\"ImageObject\",\"inLanguage\":\"en-US\",\"@id\":\"https:\/\/oneroom-hotel.com\/#\/schema\/logo\/image\/\",\"url\":\"https:\/\/oneroom-hotel.com\/wp-content\/uploads\/2023\/02\/cropped-logo_white.png\",\"contentUrl\":\"https:\/\/oneroom-hotel.com\/wp-content\/uploads\/2023\/02\/cropped-logo_white.png\",\"width\":499,\"height\":200,\"caption\":\"OneRoom\"},\"image\":{\"@id\":\"https:\/\/oneroom-hotel.com\/#\/schema\/logo\/image\/\"}}]}<\/script>\n<!-- \/ Yoast SEO plugin. -->","yoast_head_json":{"title":"Ainay-le-Vieil - OneRoom","robots":{"index":"index","follow":"follow","max-snippet":"max-snippet:-1","max-image-preview":"max-image-preview:large","max-video-preview":"max-video-preview:-1"},"canonical":"https:\/\/oneroom-hotel.com\/en\/nos-lieux\/ainay-le-vieil\/","og_locale":"en_US","og_type":"article","og_title":"Ainay-le-Vieil - OneRoom","og_description":"Voir toutes nos OneRoom \u00e0 Ainay-le-Vieil Ch\u00e2teau d\u2019Ainay-le-Vieil, et ses 9 tours Ce village de moins de 200 habitants situ\u00e9 en limite du Cher et de l\u2019Allier a su conserv\u00e9 diff\u00e9rents t\u00e9moignages selon les \u00e9poques : ch\u00e2teau et \u00e9glise, ruelles et \u00e9difices tels que le lavoir ou le canal de Berry ou encore la Mairie [&hellip;]","og_url":"https:\/\/oneroom-hotel.com\/en\/nos-lieux\/ainay-le-vieil\/","og_site_name":"OneRoom","article_modified_time":"2023-10-20T17:00:25+00:00","og_image":[{"url":"https:\/\/oneroom-hotel.com\/wp-content\/uploads\/2023\/09\/1-logis-renaissance-du-cheteau-dainay-le-vieil-hd_3_201401-167472225519055-1.jpeg"}],"twitter_card":"summary_large_image","schema":{"@context":"https:\/\/schema.org","@graph":[{"@type":"WebPage","@id":"https:\/\/oneroom-hotel.com\/nos-lieux\/ainay-le-vieil\/","url":"https:\/\/oneroom-hotel.com\/nos-lieux\/ainay-le-vieil\/","name":"Ainay-le-Vieil - OneRoom","isPartOf":{"@id":"https:\/\/oneroom-hotel.com\/#website"},"datePublished":"2023-09-14T22:21:54+00:00","dateModified":"2023-10-20T17:00:25+00:00","breadcrumb":{"@id":"https:\/\/oneroom-hotel.com\/nos-lieux\/ainay-le-vieil\/#breadcrumb"},"inLanguage":"en-US","potentialAction":[{"@type":"ReadAction","target":["https:\/\/oneroom-hotel.com\/nos-lieux\/ainay-le-vieil\/"]}]},{"@type":"BreadcrumbList","@id":"https:\/\/oneroom-hotel.com\/nos-lieux\/ainay-le-vieil\/#breadcrumb","itemListElement":[{"@type":"ListItem","position":1,"name":"Accueil","item":"https:\/\/oneroom-hotel.com\/"},{"@type":"ListItem","position":2,"name":"Nos lieux","item":"https:\/\/oneroom-hotel.com\/nos-lieux\/"},{"@type":"ListItem","position":3,"name":"Ainay-le-Vieil"}]},{"@type":"WebSite","@id":"https:\/\/oneroom-hotel.com\/#website","url":"https:\/\/oneroom-hotel.com\/","name":"OneRoom","description":"Offrez-vous une vue d\u2019exception","publisher":{"@id":"https:\/\/oneroom-hotel.com\/#organization"},"potentialAction":[{"@type":"SearchAction","target":{"@type":"EntryPoint","urlTemplate":"https:\/\/oneroom-hotel.com\/?s={search_term_string}"},"query-input":"required name=search_term_string"}],"inLanguage":"en-US"},{"@type":"Organization","@id":"https:\/\/oneroom-hotel.com\/#organization","name":"OneRoom","url":"https:\/\/oneroom-hotel.com\/","logo":{"@type":"ImageObject","inLanguage":"en-US","@id":"https:\/\/oneroom-hotel.com\/#\/schema\/logo\/image\/","url":"https:\/\/oneroom-hotel.com\/wp-content\/uploads\/2023\/02\/cropped-logo_white.png","contentUrl":"https:\/\/oneroom-hotel.com\/wp-content\/uploads\/2023\/02\/cropped-logo_white.png","width":499,"height":200,"caption":"OneRoom"},"image":{"@id":"https:\/\/oneroom-hotel.com\/#\/schema\/logo\/image\/"}}]}},"_links":{"self":[{"href":"https:\/\/oneroom-hotel.com\/en\/wp-json\/wp\/v2\/pages\/1196","targetHints":{"allow":["GET"]}}],"collection":[{"href":"https:\/\/oneroom-hotel.com\/en\/wp-json\/wp\/v2\/pages"}],"about":[{"href":"https:\/\/oneroom-hotel.com\/en\/wp-json\/wp\/v2\/types\/page"}],"author":[{"embeddable":true,"href":"https:\/\/oneroom-hotel.com\/en\/wp-json\/wp\/v2\/users\/1"}],"replies":[{"embeddable":true,"href":"https:\/\/oneroom-hotel.com\/en\/wp-json\/wp\/v2\/comments?post=1196"}],"version-history":[{"count":22,"href":"https:\/\/oneroom-hotel.com\/en\/wp-json\/wp\/v2\/pages\/1196\/revisions"}],"predecessor-version":[{"id":1961,"href":"https:\/\/oneroom-hotel.com\/en\/wp-json\/wp\/v2\/pages\/1196\/revisions\/1961"}],"up":[{"embeddable":true,"href":"https:\/\/oneroom-hotel.com\/en\/wp-json\/wp\/v2\/pages\/874"}],"wp:attachment":[{"href":"https:\/\/oneroom-hotel.com\/en\/wp-json\/wp\/v2\/media?parent=1196"}],"curies":[{"name":"wp","href":"https:\/\/api.w.org\/{rel}","templated":true}]}}