{"id":381,"date":"2023-03-29T16:09:50","date_gmt":"2023-03-29T14:09:50","guid":{"rendered":"https:\/\/oneroom-hotel.com\/?page_id=381"},"modified":"2023-10-20T19:17:09","modified_gmt":"2023-10-20T17:17:09","slug":"devenir-oneroom","status":"publish","type":"page","link":"https:\/\/oneroom-hotel.com\/en\/devenir-oneroom\/","title":{"rendered":"Become OneRoom"},"content":{"rendered":"<div data-elementor-type=\"wp-page\" data-elementor-id=\"381\" class=\"elementor elementor-381\">\n\t\t\t\t\t\t\t\t\t<section class=\"elementor-section elementor-top-section elementor-element elementor-element-46266e9 elementor-section-full_width elementor-section-content-top elementor-section-height-default elementor-section-height-default\" data-id=\"46266e9\" data-element_type=\"section\">\n\t\t\t\t\t\t<div class=\"elementor-container elementor-column-gap-default\">\n\t\t\t\t\t<div class=\"elementor-column elementor-col-50 elementor-top-column elementor-element elementor-element-2bf60fb\" data-id=\"2bf60fb\" data-element_type=\"column\">\n\t\t\t<div class=\"elementor-widget-wrap elementor-element-populated\">\n\t\t\t\t\t\t\t\t<div class=\"elementor-element elementor-element-466dc0f elementor-widget elementor-widget-image\" data-id=\"466dc0f\" data-element_type=\"widget\" data-widget_type=\"image.default\">\n\t\t\t\t<div class=\"elementor-widget-container\">\n\t\t\t<style>\/*! elementor - v3.12.1 - 02-04-2023 *\/\n.elementor-widget-image{text-align:center}.elementor-widget-image a{display:inline-block}.elementor-widget-image a img[src$=\".svg\"]{width:48px}.elementor-widget-image img{vertical-align:middle;display:inline-block}<\/style>\t\t\t\t\t\t\t\t\t\t\t\t<img loading=\"lazy\" decoding=\"async\" width=\"749\" height=\"496\" src=\"https:\/\/oneroom-hotel.com\/wp-content\/uploads\/2023\/10\/Devenir_OneRoom-1024x678.jpeg\" class=\"attachment-large size-large wp-image-1965\" alt=\"Devenir One Room\" srcset=\"https:\/\/oneroom-hotel.com\/wp-content\/uploads\/2023\/10\/Devenir_OneRoom-1024x678.jpeg 1024w, https:\/\/oneroom-hotel.com\/wp-content\/uploads\/2023\/10\/Devenir_OneRoom-300x199.jpeg 300w, https:\/\/oneroom-hotel.com\/wp-content\/uploads\/2023\/10\/Devenir_OneRoom-768x509.jpeg 768w, https:\/\/oneroom-hotel.com\/wp-content\/uploads\/2023\/10\/Devenir_OneRoom-1536x1018.jpeg 1536w, https:\/\/oneroom-hotel.com\/wp-content\/uploads\/2023\/10\/Devenir_OneRoom-18x12.jpeg 18w, https:\/\/oneroom-hotel.com\/wp-content\/uploads\/2023\/10\/Devenir_OneRoom-600x398.jpeg 600w, https:\/\/oneroom-hotel.com\/wp-content\/uploads\/2023\/10\/Devenir_OneRoom.jpeg 2000w\" sizes=\"auto, (max-width: 749px) 100vw, 749px\" \/>\t\t\t\t\t\t\t\t\t\t\t\t\t\t\t<\/div>\n\t\t\t\t<\/div>\n\t\t\t\t\t<\/div>\n\t\t<\/div>\n\t\t\t\t<div class=\"elementor-column elementor-col-50 elementor-top-column elementor-element elementor-element-50f92ed\" data-id=\"50f92ed\" data-element_type=\"column\">\n\t\t\t<div class=\"elementor-widget-wrap elementor-element-populated\">\n\t\t\t\t\t\t\t\t<div class=\"elementor-element elementor-element-a8da28e elementor-widget elementor-widget-text-editor\" data-id=\"a8da28e\" data-element_type=\"widget\" data-widget_type=\"text-editor.default\">\n\t\t\t\t<div class=\"elementor-widget-container\">\n\t\t\t<style>\/*! elementor - v3.12.1 - 02-04-2023 *\/\n.elementor-widget-text-editor.elementor-drop-cap-view-stacked .elementor-drop-cap{background-color:#69727d;color:#fff}.elementor-widget-text-editor.elementor-drop-cap-view-framed .elementor-drop-cap{color:#69727d;border:3px solid;background-color:transparent}.elementor-widget-text-editor:not(.elementor-drop-cap-view-default) .elementor-drop-cap{margin-top:8px}.elementor-widget-text-editor:not(.elementor-drop-cap-view-default) .elementor-drop-cap-letter{width:1em;height:1em}.elementor-widget-text-editor .elementor-drop-cap{float:left;text-align:center;line-height:1;font-size:50px}.elementor-widget-text-editor .elementor-drop-cap-letter{display:inline-block}<\/style>\t\t\t\t<h4>Do you have a property with an exceptional view that you're not renting, or that you're renting via a classic website that doesn't take this major asset into account? You could be missing out on a comfortable income.<\/h4><div><br><\/div>\n<p>Indeed, properties with views are few and far between, so they need to be promoted in the best possible way to maximize their profitability and avoid drowning in a mass of unattractive ads.<\/p>\t\t\t\t\t\t<\/div>\n\t\t\t\t<\/div>\n\t\t\t\t\t<\/div>\n\t\t<\/div>\n\t\t\t\t\t\t\t<\/div>\n\t\t<\/section>\n\t\t\t\t<section class=\"elementor-section elementor-top-section elementor-element elementor-element-77f5385 elementor-section-boxed elementor-section-height-default elementor-section-height-default\" data-id=\"77f5385\" data-element_type=\"section\">\n\t\t\t\t\t\t<div class=\"elementor-container elementor-column-gap-default\">\n\t\t\t\t\t<div class=\"elementor-column elementor-col-100 elementor-top-column elementor-element elementor-element-34876bc\" data-id=\"34876bc\" data-element_type=\"column\">\n\t\t\t<div class=\"elementor-widget-wrap elementor-element-populated\">\n\t\t\t\t\t\t\t\t<div class=\"elementor-element elementor-element-7bd5b0b elementor-widget elementor-widget-text-editor\" data-id=\"7bd5b0b\" data-element_type=\"widget\" data-widget_type=\"text-editor.default\">\n\t\t\t\t<div class=\"elementor-widget-container\">\n\t\t\t\t\t\t\t<h4>&nbsp;Join the <strong style=\"font-size: 1.3125rem;\">\"Club OneRoom Hotel <\/strong><span style=\"font-size: 1.3125rem;\">and take advantage of its many benefits.<\/span><\/h4>\n<p>OneRoom is the only site in France that offers only apartments and rooms with a view! Above all, it's the easiest way to make the most of your property, maintain it and preserve it, while giving it maximum visibility:&nbsp;<\/p>\n<ul>\n<li>List your property with OneRoom and start booking at one of the lowest commission rates on the market (10%).<\/li>\n<li>Offer your travelers welcome kits for an unforgettable souvenir<\/li>\n<li>Benefit from professional-quality photos to highlight your property<\/li>\n<li>At OneRoom, if you wish, we'll take care of everything: reservations, keys, inventory, cleaning, maintenance...<\/li>\n<\/ul>\n<p>Want to find out more?<\/p>\n<p>Contact us to test the eligibility of your property or for a precise quote: <a href=\"mailto:contact@oneroom-hotel.com\"><strong>contact@oneroom-hotel.com<\/strong><\/a><\/p>\t\t\t\t\t\t<\/div>\n\t\t\t\t<\/div>\n\t\t\t\t\t<\/div>\n\t\t<\/div>\n\t\t\t\t\t\t\t<\/div>\n\t\t<\/section>\n\t\t\t\t\t\t\t<\/div>","protected":false},"excerpt":{"rendered":"<p>Do you have a property with an exceptional view that you're not renting, or that you're renting via a classic website that doesn't take this major asset into account? You could be missing out on a comfortable income. In fact, properties with views are few and far between, so they need to be promoted [...].<\/p>","protected":false},"author":1,"featured_media":0,"parent":0,"menu_order":0,"comment_status":"closed","ping_status":"closed","template":"","meta":{"footnotes":""},"class_list":["post-381","page","type-page","status-publish","hentry"],"acf":[],"yoast_head":"<!-- This site is optimized with the Yoast SEO plugin v21.4 - https:\/\/yoast.com\/wordpress\/plugins\/seo\/ -->\n<title>Devenir OneRoom - OneRoom<\/title>\n<meta name=\"robots\" content=\"index, follow, max-snippet:-1, max-image-preview:large, max-video-preview:-1\" \/>\n<link rel=\"canonical\" href=\"https:\/\/oneroom-hotel.com\/en\/devenir-oneroom\/\" \/>\n<meta property=\"og:locale\" content=\"en_US\" \/>\n<meta property=\"og:type\" content=\"article\" \/>\n<meta property=\"og:title\" content=\"Devenir OneRoom - OneRoom\" \/>\n<meta property=\"og:description\" content=\"Vous avez un bien avec une vue d&rsquo;exception que vous ne louez pas ou que vous louez via un site classique qui ne tient pas compte de cet atout majeur ? Vous passez peut-\u00eatre \u00e0 c\u00f4t\u00e9 de revenus confortables. En effet, les biens avec vues sont peu nombreux, il faut donc les mettre en valeur [&hellip;]\" \/>\n<meta property=\"og:url\" content=\"https:\/\/oneroom-hotel.com\/en\/devenir-oneroom\/\" \/>\n<meta property=\"og:site_name\" content=\"OneRoom\" \/>\n<meta property=\"article:modified_time\" content=\"2023-10-20T17:17:09+00:00\" \/>\n<meta property=\"og:image\" content=\"https:\/\/oneroom-hotel.com\/wp-content\/uploads\/2023\/10\/Devenir_OneRoom-1024x678.jpeg\" \/>\n<meta name=\"twitter:card\" content=\"summary_large_image\" \/>\n<meta name=\"twitter:label1\" content=\"Est. reading time\" \/>\n\t<meta name=\"twitter:data1\" content=\"2 minutes\" \/>\n<script type=\"application\/ld+json\" class=\"yoast-schema-graph\">{\"@context\":\"https:\/\/schema.org\",\"@graph\":[{\"@type\":\"WebPage\",\"@id\":\"https:\/\/oneroom-hotel.com\/devenir-oneroom\/\",\"url\":\"https:\/\/oneroom-hotel.com\/devenir-oneroom\/\",\"name\":\"Devenir OneRoom - OneRoom\",\"isPartOf\":{\"@id\":\"https:\/\/oneroom-hotel.com\/#website\"},\"datePublished\":\"2023-03-29T14:09:50+00:00\",\"dateModified\":\"2023-10-20T17:17:09+00:00\",\"breadcrumb\":{\"@id\":\"https:\/\/oneroom-hotel.com\/devenir-oneroom\/#breadcrumb\"},\"inLanguage\":\"en-US\",\"potentialAction\":[{\"@type\":\"ReadAction\",\"target\":[\"https:\/\/oneroom-hotel.com\/devenir-oneroom\/\"]}]},{\"@type\":\"BreadcrumbList\",\"@id\":\"https:\/\/oneroom-hotel.com\/devenir-oneroom\/#breadcrumb\",\"itemListElement\":[{\"@type\":\"ListItem\",\"position\":1,\"name\":\"Accueil\",\"item\":\"https:\/\/oneroom-hotel.com\/\"},{\"@type\":\"ListItem\",\"position\":2,\"name\":\"Devenir OneRoom\"}]},{\"@type\":\"WebSite\",\"@id\":\"https:\/\/oneroom-hotel.com\/#website\",\"url\":\"https:\/\/oneroom-hotel.com\/\",\"name\":\"OneRoom\",\"description\":\"Offrez-vous une vue d\u2019exception\",\"publisher\":{\"@id\":\"https:\/\/oneroom-hotel.com\/#organization\"},\"potentialAction\":[{\"@type\":\"SearchAction\",\"target\":{\"@type\":\"EntryPoint\",\"urlTemplate\":\"https:\/\/oneroom-hotel.com\/?s={search_term_string}\"},\"query-input\":\"required name=search_term_string\"}],\"inLanguage\":\"en-US\"},{\"@type\":\"Organization\",\"@id\":\"https:\/\/oneroom-hotel.com\/#organization\",\"name\":\"OneRoom\",\"url\":\"https:\/\/oneroom-hotel.com\/\",\"logo\":{\"@type\":\"ImageObject\",\"inLanguage\":\"en-US\",\"@id\":\"https:\/\/oneroom-hotel.com\/#\/schema\/logo\/image\/\",\"url\":\"https:\/\/oneroom-hotel.com\/wp-content\/uploads\/2023\/02\/cropped-logo_white.png\",\"contentUrl\":\"https:\/\/oneroom-hotel.com\/wp-content\/uploads\/2023\/02\/cropped-logo_white.png\",\"width\":499,\"height\":200,\"caption\":\"OneRoom\"},\"image\":{\"@id\":\"https:\/\/oneroom-hotel.com\/#\/schema\/logo\/image\/\"}}]}<\/script>\n<!-- \/ Yoast SEO plugin. -->","yoast_head_json":{"title":"Devenir OneRoom - OneRoom","robots":{"index":"index","follow":"follow","max-snippet":"max-snippet:-1","max-image-preview":"max-image-preview:large","max-video-preview":"max-video-preview:-1"},"canonical":"https:\/\/oneroom-hotel.com\/en\/devenir-oneroom\/","og_locale":"en_US","og_type":"article","og_title":"Devenir OneRoom - OneRoom","og_description":"Vous avez un bien avec une vue d&rsquo;exception que vous ne louez pas ou que vous louez via un site classique qui ne tient pas compte de cet atout majeur ? Vous passez peut-\u00eatre \u00e0 c\u00f4t\u00e9 de revenus confortables. En effet, les biens avec vues sont peu nombreux, il faut donc les mettre en valeur [&hellip;]","og_url":"https:\/\/oneroom-hotel.com\/en\/devenir-oneroom\/","og_site_name":"OneRoom","article_modified_time":"2023-10-20T17:17:09+00:00","og_image":[{"url":"https:\/\/oneroom-hotel.com\/wp-content\/uploads\/2023\/10\/Devenir_OneRoom-1024x678.jpeg"}],"twitter_card":"summary_large_image","twitter_misc":{"Est. reading time":"2 minutes"},"schema":{"@context":"https:\/\/schema.org","@graph":[{"@type":"WebPage","@id":"https:\/\/oneroom-hotel.com\/devenir-oneroom\/","url":"https:\/\/oneroom-hotel.com\/devenir-oneroom\/","name":"Devenir OneRoom - OneRoom","isPartOf":{"@id":"https:\/\/oneroom-hotel.com\/#website"},"datePublished":"2023-03-29T14:09:50+00:00","dateModified":"2023-10-20T17:17:09+00:00","breadcrumb":{"@id":"https:\/\/oneroom-hotel.com\/devenir-oneroom\/#breadcrumb"},"inLanguage":"en-US","potentialAction":[{"@type":"ReadAction","target":["https:\/\/oneroom-hotel.com\/devenir-oneroom\/"]}]},{"@type":"BreadcrumbList","@id":"https:\/\/oneroom-hotel.com\/devenir-oneroom\/#breadcrumb","itemListElement":[{"@type":"ListItem","position":1,"name":"Accueil","item":"https:\/\/oneroom-hotel.com\/"},{"@type":"ListItem","position":2,"name":"Devenir OneRoom"}]},{"@type":"WebSite","@id":"https:\/\/oneroom-hotel.com\/#website","url":"https:\/\/oneroom-hotel.com\/","name":"OneRoom","description":"Offrez-vous une vue d\u2019exception","publisher":{"@id":"https:\/\/oneroom-hotel.com\/#organization"},"potentialAction":[{"@type":"SearchAction","target":{"@type":"EntryPoint","urlTemplate":"https:\/\/oneroom-hotel.com\/?s={search_term_string}"},"query-input":"required name=search_term_string"}],"inLanguage":"en-US"},{"@type":"Organization","@id":"https:\/\/oneroom-hotel.com\/#organization","name":"OneRoom","url":"https:\/\/oneroom-hotel.com\/","logo":{"@type":"ImageObject","inLanguage":"en-US","@id":"https:\/\/oneroom-hotel.com\/#\/schema\/logo\/image\/","url":"https:\/\/oneroom-hotel.com\/wp-content\/uploads\/2023\/02\/cropped-logo_white.png","contentUrl":"https:\/\/oneroom-hotel.com\/wp-content\/uploads\/2023\/02\/cropped-logo_white.png","width":499,"height":200,"caption":"OneRoom"},"image":{"@id":"https:\/\/oneroom-hotel.com\/#\/schema\/logo\/image\/"}}]}},"_links":{"self":[{"href":"https:\/\/oneroom-hotel.com\/en\/wp-json\/wp\/v2\/pages\/381","targetHints":{"allow":["GET"]}}],"collection":[{"href":"https:\/\/oneroom-hotel.com\/en\/wp-json\/wp\/v2\/pages"}],"about":[{"href":"https:\/\/oneroom-hotel.com\/en\/wp-json\/wp\/v2\/types\/page"}],"author":[{"embeddable":true,"href":"https:\/\/oneroom-hotel.com\/en\/wp-json\/wp\/v2\/users\/1"}],"replies":[{"embeddable":true,"href":"https:\/\/oneroom-hotel.com\/en\/wp-json\/wp\/v2\/comments?post=381"}],"version-history":[{"count":62,"href":"https:\/\/oneroom-hotel.com\/en\/wp-json\/wp\/v2\/pages\/381\/revisions"}],"predecessor-version":[{"id":1998,"href":"https:\/\/oneroom-hotel.com\/en\/wp-json\/wp\/v2\/pages\/381\/revisions\/1998"}],"wp:attachment":[{"href":"https:\/\/oneroom-hotel.com\/en\/wp-json\/wp\/v2\/media?parent=381"}],"curies":[{"name":"wp","href":"https:\/\/api.w.org\/{rel}","templated":true}]}}