{"id":383,"date":"2023-03-29T16:10:13","date_gmt":"2023-03-29T14:10:13","guid":{"rendered":"https:\/\/oneroom-hotel.com\/?page_id=383"},"modified":"2023-09-14T23:50:52","modified_gmt":"2023-09-14T21:50:52","slug":"unique","status":"publish","type":"page","link":"https:\/\/oneroom-hotel.com\/en\/unique\/","title":{"rendered":"Unique"},"content":{"rendered":"<div data-elementor-type=\"wp-page\" data-elementor-id=\"383\" class=\"elementor elementor-383\">\n\t\t\t\t\t\t\t\t\t<section class=\"elementor-section elementor-top-section elementor-element elementor-element-2bc98a6 elementor-section-full_width elementor-section-height-default elementor-section-height-default\" data-id=\"2bc98a6\" data-element_type=\"section\">\n\t\t\t\t\t\t<div class=\"elementor-container elementor-column-gap-default\">\n\t\t\t\t\t<div class=\"elementor-column elementor-col-100 elementor-top-column elementor-element elementor-element-66ffa73\" data-id=\"66ffa73\" data-element_type=\"column\">\n\t\t\t<div class=\"elementor-widget-wrap elementor-element-populated\">\n\t\t\t\t\t\t\t\t<div class=\"elementor-element elementor-element-f2f9f71 elementor-widget elementor-widget-heading\" data-id=\"f2f9f71\" data-element_type=\"widget\" data-widget_type=\"heading.default\">\n\t\t\t\t<div class=\"elementor-widget-container\">\n\t\t\t<style>\/*! elementor - v3.12.1 - 02-04-2023 *\/\n.elementor-heading-title{padding:0;margin:0;line-height:1}.elementor-widget-heading .elementor-heading-title[class*=elementor-size-]>a{color:inherit;font-size:inherit;line-height:inherit}.elementor-widget-heading .elementor-heading-title.elementor-size-small{font-size:15px}.elementor-widget-heading .elementor-heading-title.elementor-size-medium{font-size:19px}.elementor-widget-heading .elementor-heading-title.elementor-size-large{font-size:29px}.elementor-widget-heading .elementor-heading-title.elementor-size-xl{font-size:39px}.elementor-widget-heading .elementor-heading-title.elementor-size-xxl{font-size:59px}<\/style><h2 class=\"elementor-heading-title elementor-size-default\">Our <strong>OneRoom<\/strong> are as unique as the view you get from your window!\nA place, a location, a room, a view: <strong>The one you see!<\/strong><\/h2>\t\t<\/div>\n\t\t\t\t<\/div>\n\t\t\t\t\t<\/div>\n\t\t<\/div>\n\t\t\t\t\t\t\t<\/div>\n\t\t<\/section>\n\t\t\t\t<section class=\"elementor-section elementor-top-section elementor-element elementor-element-fd11c1d elementor-section-full_width elementor-section-content-top elementor-section-height-default elementor-section-height-default\" data-id=\"fd11c1d\" data-element_type=\"section\">\n\t\t\t\t\t\t<div class=\"elementor-container elementor-column-gap-wide\">\n\t\t\t\t\t<div class=\"elementor-column elementor-col-50 elementor-top-column elementor-element elementor-element-9c35fe6\" data-id=\"9c35fe6\" data-element_type=\"column\">\n\t\t\t<div class=\"elementor-widget-wrap elementor-element-populated\">\n\t\t\t\t\t\t\t\t<div class=\"elementor-element elementor-element-51197b9 elementor-widget elementor-widget-image\" data-id=\"51197b9\" data-element_type=\"widget\" data-widget_type=\"image.default\">\n\t\t\t\t<div class=\"elementor-widget-container\">\n\t\t\t<style>\/*! elementor - v3.12.1 - 02-04-2023 *\/\n.elementor-widget-image{text-align:center}.elementor-widget-image a{display:inline-block}.elementor-widget-image a img[src$=\".svg\"]{width:48px}.elementor-widget-image img{vertical-align:middle;display:inline-block}<\/style>\t\t\t\t\t\t\t\t\t\t\t\t<img loading=\"lazy\" decoding=\"async\" width=\"560\" height=\"423\" src=\"https:\/\/oneroom-hotel.com\/wp-content\/uploads\/2023\/09\/oneroom.png\" class=\"attachment-large size-large wp-image-1166\" alt=\"\" srcset=\"https:\/\/oneroom-hotel.com\/wp-content\/uploads\/2023\/09\/oneroom.png 560w, https:\/\/oneroom-hotel.com\/wp-content\/uploads\/2023\/09\/oneroom-300x227.png 300w, https:\/\/oneroom-hotel.com\/wp-content\/uploads\/2023\/09\/oneroom-16x12.png 16w\" sizes=\"auto, (max-width: 560px) 100vw, 560px\" \/>\t\t\t\t\t\t\t\t\t\t\t\t\t\t\t<\/div>\n\t\t\t\t<\/div>\n\t\t\t\t\t<\/div>\n\t\t<\/div>\n\t\t\t\t<div class=\"elementor-column elementor-col-50 elementor-top-column elementor-element elementor-element-1058322\" data-id=\"1058322\" data-element_type=\"column\">\n\t\t\t<div class=\"elementor-widget-wrap elementor-element-populated\">\n\t\t\t\t\t\t\t\t<div class=\"elementor-element elementor-element-90caab0 elementor-widget elementor-widget-text-editor\" data-id=\"90caab0\" data-element_type=\"widget\" data-widget_type=\"text-editor.default\">\n\t\t\t\t<div class=\"elementor-widget-container\">\n\t\t\t<style>\/*! elementor - v3.12.1 - 02-04-2023 *\/\n.elementor-widget-text-editor.elementor-drop-cap-view-stacked .elementor-drop-cap{background-color:#69727d;color:#fff}.elementor-widget-text-editor.elementor-drop-cap-view-framed .elementor-drop-cap{color:#69727d;border:3px solid;background-color:transparent}.elementor-widget-text-editor:not(.elementor-drop-cap-view-default) .elementor-drop-cap{margin-top:8px}.elementor-widget-text-editor:not(.elementor-drop-cap-view-default) .elementor-drop-cap-letter{width:1em;height:1em}.elementor-widget-text-editor .elementor-drop-cap{float:left;text-align:center;line-height:1;font-size:50px}.elementor-widget-text-editor .elementor-drop-cap-letter{display:inline-block}<\/style>\t\t\t\t<h3><span class=\"inter orbitron_font\">A place, a view<\/span><\/h3><ul><li class=\"\">A unique experience and a magnificent unobstructed view to take full advantage of our exceptional destinations!<\/li><\/ul><h3><span class=\"inter orbitron_font\">You know where you're going!<\/span><\/h3><ul><li>A place, a room, a description and reviews: no unpleasant surprises!<\/li><\/ul>\t\t\t\t\t\t<\/div>\n\t\t\t\t<\/div>\n\t\t\t\t\t<\/div>\n\t\t<\/div>\n\t\t\t\t\t\t\t<\/div>\n\t\t<\/section>\n\t\t\t\t<section class=\"elementor-section elementor-top-section elementor-element elementor-element-2bb1b1c elementor-section-full_width elementor-section-content-top elementor-reverse-tablet elementor-reverse-mobile elementor-section-height-default elementor-section-height-default\" data-id=\"2bb1b1c\" data-element_type=\"section\">\n\t\t\t\t\t\t<div class=\"elementor-container elementor-column-gap-wide\">\n\t\t\t\t\t<div class=\"elementor-column elementor-col-50 elementor-top-column elementor-element elementor-element-34d5fa1\" data-id=\"34d5fa1\" data-element_type=\"column\">\n\t\t\t<div class=\"elementor-widget-wrap elementor-element-populated\">\n\t\t\t\t\t\t\t\t<div class=\"elementor-element elementor-element-c5787d5 elementor-widget elementor-widget-text-editor\" data-id=\"c5787d5\" data-element_type=\"widget\" data-widget_type=\"text-editor.default\">\n\t\t\t\t<div class=\"elementor-widget-container\">\n\t\t\t\t\t\t\t<h3><span class=\"inter orbitron_font\">All included<\/span><\/h3><ul><li>Quality household linen<\/li><li>Beds made up on arrival<\/li><li>Unlimited Wi-Fi<\/li><li>Tourist tax<\/li><li>Welcome kit\u00a0<\/li><\/ul><h3><span class=\"inter orbitron_font\">A very Select club<\/span><\/h3><ul><li>Join the club in complete confidentiality, and we'll talk to each other!<\/li><li>If you've been seduced, talk about us!<\/li><li>You are our best ambassadors<\/li><\/ul>\t\t\t\t\t\t<\/div>\n\t\t\t\t<\/div>\n\t\t\t\t\t<\/div>\n\t\t<\/div>\n\t\t\t\t<div class=\"elementor-column elementor-col-50 elementor-top-column elementor-element elementor-element-7ed502b\" data-id=\"7ed502b\" data-element_type=\"column\">\n\t\t\t<div class=\"elementor-widget-wrap elementor-element-populated\">\n\t\t\t\t\t\t\t\t<div class=\"elementor-element elementor-element-163c761 elementor-widget elementor-widget-image\" data-id=\"163c761\" data-element_type=\"widget\" data-widget_type=\"image.default\">\n\t\t\t\t<div class=\"elementor-widget-container\">\n\t\t\t\t\t\t\t\t\t\t\t\t\t\t\t<img loading=\"lazy\" decoding=\"async\" width=\"450\" height=\"300\" src=\"https:\/\/oneroom-hotel.com\/wp-content\/uploads\/2023\/05\/concept_2.jpg\" class=\"attachment-large size-large wp-image-518\" alt=\"\" srcset=\"https:\/\/oneroom-hotel.com\/wp-content\/uploads\/2023\/05\/concept_2.jpg 450w, https:\/\/oneroom-hotel.com\/wp-content\/uploads\/2023\/05\/concept_2-300x200.jpg 300w, https:\/\/oneroom-hotel.com\/wp-content\/uploads\/2023\/05\/concept_2-18x12.jpg 18w\" sizes=\"auto, (max-width: 450px) 100vw, 450px\" \/>\t\t\t\t\t\t\t\t\t\t\t\t\t\t\t<\/div>\n\t\t\t\t<\/div>\n\t\t\t\t\t<\/div>\n\t\t<\/div>\n\t\t\t\t\t\t\t<\/div>\n\t\t<\/section>\n\t\t\t\t<section class=\"elementor-section elementor-top-section elementor-element elementor-element-dbcb845 elementor-section-full_width elementor-section-content-top elementor-section-height-default elementor-section-height-default\" data-id=\"dbcb845\" data-element_type=\"section\">\n\t\t\t\t\t\t<div class=\"elementor-container elementor-column-gap-wide\">\n\t\t\t\t\t<div class=\"elementor-column elementor-col-50 elementor-top-column elementor-element elementor-element-50bfea6\" data-id=\"50bfea6\" data-element_type=\"column\">\n\t\t\t<div class=\"elementor-widget-wrap elementor-element-populated\">\n\t\t\t\t\t\t\t\t<div class=\"elementor-element elementor-element-1166936 elementor-widget elementor-widget-image\" data-id=\"1166936\" data-element_type=\"widget\" data-widget_type=\"image.default\">\n\t\t\t\t<div class=\"elementor-widget-container\">\n\t\t\t\t\t\t\t\t\t\t\t\t\t\t\t<img loading=\"lazy\" decoding=\"async\" width=\"450\" height=\"338\" src=\"https:\/\/oneroom-hotel.com\/wp-content\/uploads\/2023\/05\/concept_3.jpg\" class=\"attachment-large size-large wp-image-519\" alt=\"\" srcset=\"https:\/\/oneroom-hotel.com\/wp-content\/uploads\/2023\/05\/concept_3.jpg 450w, https:\/\/oneroom-hotel.com\/wp-content\/uploads\/2023\/05\/concept_3-300x225.jpg 300w, https:\/\/oneroom-hotel.com\/wp-content\/uploads\/2023\/05\/concept_3-16x12.jpg 16w, https:\/\/oneroom-hotel.com\/wp-content\/uploads\/2023\/05\/concept_3-400x300.jpg 400w\" sizes=\"auto, (max-width: 450px) 100vw, 450px\" \/>\t\t\t\t\t\t\t\t\t\t\t\t\t\t\t<\/div>\n\t\t\t\t<\/div>\n\t\t\t\t\t<\/div>\n\t\t<\/div>\n\t\t\t\t<div class=\"elementor-column elementor-col-50 elementor-top-column elementor-element elementor-element-150b85e\" data-id=\"150b85e\" data-element_type=\"column\">\n\t\t\t<div class=\"elementor-widget-wrap elementor-element-populated\">\n\t\t\t\t\t\t\t\t<div class=\"elementor-element elementor-element-b76f6a7 elementor-widget elementor-widget-text-editor\" data-id=\"b76f6a7\" data-element_type=\"widget\" data-widget_type=\"text-editor.default\">\n\t\t\t\t<div class=\"elementor-widget-container\">\n\t\t\t\t\t\t\t<h3><span class=\"inter orbitron_font\">Relax<\/span><\/h3><ul><li>Luxury is in the detail: our accommodations are quiet and high quality<\/li><li>Everything has been designed for your comfort and peace of mind<\/li><li>You've arrived: everything's ready for you!<\/li><\/ul>\t\t\t\t\t\t<\/div>\n\t\t\t\t<\/div>\n\t\t\t\t\t<\/div>\n\t\t<\/div>\n\t\t\t\t\t\t\t<\/div>\n\t\t<\/section>\n\t\t\t\t\t\t\t<\/div>","protected":false},"excerpt":{"rendered":"<p>Our OneRooms are unique, just like the view you'll get from the window! A place, a location, a room, a view: the one you see! One place, one view A unique experience and a magnificent, unobstructed view to take full advantage of our exceptional destinations! You know where you're going [...]<\/p>","protected":false},"author":1,"featured_media":0,"parent":0,"menu_order":0,"comment_status":"closed","ping_status":"closed","template":"","meta":{"footnotes":""},"class_list":["post-383","page","type-page","status-publish","hentry"],"acf":[],"yoast_head":"<!-- This site is optimized with the Yoast SEO plugin v21.4 - https:\/\/yoast.com\/wordpress\/plugins\/seo\/ -->\n<title>Unique - OneRoom<\/title>\n<meta name=\"robots\" content=\"index, follow, max-snippet:-1, max-image-preview:large, max-video-preview:-1\" \/>\n<link rel=\"canonical\" href=\"https:\/\/oneroom-hotel.com\/en\/unique\/\" \/>\n<meta property=\"og:locale\" content=\"en_US\" \/>\n<meta property=\"og:type\" content=\"article\" \/>\n<meta property=\"og:title\" content=\"Unique - OneRoom\" \/>\n<meta property=\"og:description\" content=\"Nos OneRoom sont uniques, tout comme la vue que vous aurez de la fen\u00eatre ! Un lieu, un endroit, une chambre, une vue : Celle que vous voyez ! Un lieu, une vue Une exp\u00e9rience unique et une vue d\u00e9gag\u00e9e magnifique pour profiter pleinement de nos destinations toutes exceptionnelles ! Vous savez o\u00f9 vous allez [&hellip;]\" \/>\n<meta property=\"og:url\" content=\"https:\/\/oneroom-hotel.com\/en\/unique\/\" \/>\n<meta property=\"og:site_name\" content=\"OneRoom\" \/>\n<meta property=\"article:modified_time\" content=\"2023-09-14T21:50:52+00:00\" \/>\n<meta property=\"og:image\" content=\"https:\/\/oneroom-hotel.com\/wp-content\/uploads\/2023\/09\/oneroom.png\" \/>\n<meta name=\"twitter:card\" content=\"summary_large_image\" \/>\n<meta name=\"twitter:label1\" content=\"Est. reading time\" \/>\n\t<meta name=\"twitter:data1\" content=\"2 minutes\" \/>\n<script type=\"application\/ld+json\" class=\"yoast-schema-graph\">{\"@context\":\"https:\/\/schema.org\",\"@graph\":[{\"@type\":\"WebPage\",\"@id\":\"https:\/\/oneroom-hotel.com\/unique\/\",\"url\":\"https:\/\/oneroom-hotel.com\/unique\/\",\"name\":\"Unique - OneRoom\",\"isPartOf\":{\"@id\":\"https:\/\/oneroom-hotel.com\/#website\"},\"datePublished\":\"2023-03-29T14:10:13+00:00\",\"dateModified\":\"2023-09-14T21:50:52+00:00\",\"breadcrumb\":{\"@id\":\"https:\/\/oneroom-hotel.com\/unique\/#breadcrumb\"},\"inLanguage\":\"en-US\",\"potentialAction\":[{\"@type\":\"ReadAction\",\"target\":[\"https:\/\/oneroom-hotel.com\/unique\/\"]}]},{\"@type\":\"BreadcrumbList\",\"@id\":\"https:\/\/oneroom-hotel.com\/unique\/#breadcrumb\",\"itemListElement\":[{\"@type\":\"ListItem\",\"position\":1,\"name\":\"Accueil\",\"item\":\"https:\/\/oneroom-hotel.com\/\"},{\"@type\":\"ListItem\",\"position\":2,\"name\":\"Unique\"}]},{\"@type\":\"WebSite\",\"@id\":\"https:\/\/oneroom-hotel.com\/#website\",\"url\":\"https:\/\/oneroom-hotel.com\/\",\"name\":\"OneRoom\",\"description\":\"Offrez-vous une vue d\u2019exception\",\"publisher\":{\"@id\":\"https:\/\/oneroom-hotel.com\/#organization\"},\"potentialAction\":[{\"@type\":\"SearchAction\",\"target\":{\"@type\":\"EntryPoint\",\"urlTemplate\":\"https:\/\/oneroom-hotel.com\/?s={search_term_string}\"},\"query-input\":\"required name=search_term_string\"}],\"inLanguage\":\"en-US\"},{\"@type\":\"Organization\",\"@id\":\"https:\/\/oneroom-hotel.com\/#organization\",\"name\":\"OneRoom\",\"url\":\"https:\/\/oneroom-hotel.com\/\",\"logo\":{\"@type\":\"ImageObject\",\"inLanguage\":\"en-US\",\"@id\":\"https:\/\/oneroom-hotel.com\/#\/schema\/logo\/image\/\",\"url\":\"https:\/\/oneroom-hotel.com\/wp-content\/uploads\/2023\/02\/cropped-logo_white.png\",\"contentUrl\":\"https:\/\/oneroom-hotel.com\/wp-content\/uploads\/2023\/02\/cropped-logo_white.png\",\"width\":499,\"height\":200,\"caption\":\"OneRoom\"},\"image\":{\"@id\":\"https:\/\/oneroom-hotel.com\/#\/schema\/logo\/image\/\"}}]}<\/script>\n<!-- \/ Yoast SEO plugin. -->","yoast_head_json":{"title":"Unique - OneRoom","robots":{"index":"index","follow":"follow","max-snippet":"max-snippet:-1","max-image-preview":"max-image-preview:large","max-video-preview":"max-video-preview:-1"},"canonical":"https:\/\/oneroom-hotel.com\/en\/unique\/","og_locale":"en_US","og_type":"article","og_title":"Unique - OneRoom","og_description":"Nos OneRoom sont uniques, tout comme la vue que vous aurez de la fen\u00eatre ! Un lieu, un endroit, une chambre, une vue : Celle que vous voyez ! Un lieu, une vue Une exp\u00e9rience unique et une vue d\u00e9gag\u00e9e magnifique pour profiter pleinement de nos destinations toutes exceptionnelles ! Vous savez o\u00f9 vous allez [&hellip;]","og_url":"https:\/\/oneroom-hotel.com\/en\/unique\/","og_site_name":"OneRoom","article_modified_time":"2023-09-14T21:50:52+00:00","og_image":[{"url":"https:\/\/oneroom-hotel.com\/wp-content\/uploads\/2023\/09\/oneroom.png"}],"twitter_card":"summary_large_image","twitter_misc":{"Est. reading time":"2 minutes"},"schema":{"@context":"https:\/\/schema.org","@graph":[{"@type":"WebPage","@id":"https:\/\/oneroom-hotel.com\/unique\/","url":"https:\/\/oneroom-hotel.com\/unique\/","name":"Unique - OneRoom","isPartOf":{"@id":"https:\/\/oneroom-hotel.com\/#website"},"datePublished":"2023-03-29T14:10:13+00:00","dateModified":"2023-09-14T21:50:52+00:00","breadcrumb":{"@id":"https:\/\/oneroom-hotel.com\/unique\/#breadcrumb"},"inLanguage":"en-US","potentialAction":[{"@type":"ReadAction","target":["https:\/\/oneroom-hotel.com\/unique\/"]}]},{"@type":"BreadcrumbList","@id":"https:\/\/oneroom-hotel.com\/unique\/#breadcrumb","itemListElement":[{"@type":"ListItem","position":1,"name":"Accueil","item":"https:\/\/oneroom-hotel.com\/"},{"@type":"ListItem","position":2,"name":"Unique"}]},{"@type":"WebSite","@id":"https:\/\/oneroom-hotel.com\/#website","url":"https:\/\/oneroom-hotel.com\/","name":"OneRoom","description":"Offrez-vous une vue d\u2019exception","publisher":{"@id":"https:\/\/oneroom-hotel.com\/#organization"},"potentialAction":[{"@type":"SearchAction","target":{"@type":"EntryPoint","urlTemplate":"https:\/\/oneroom-hotel.com\/?s={search_term_string}"},"query-input":"required name=search_term_string"}],"inLanguage":"en-US"},{"@type":"Organization","@id":"https:\/\/oneroom-hotel.com\/#organization","name":"OneRoom","url":"https:\/\/oneroom-hotel.com\/","logo":{"@type":"ImageObject","inLanguage":"en-US","@id":"https:\/\/oneroom-hotel.com\/#\/schema\/logo\/image\/","url":"https:\/\/oneroom-hotel.com\/wp-content\/uploads\/2023\/02\/cropped-logo_white.png","contentUrl":"https:\/\/oneroom-hotel.com\/wp-content\/uploads\/2023\/02\/cropped-logo_white.png","width":499,"height":200,"caption":"OneRoom"},"image":{"@id":"https:\/\/oneroom-hotel.com\/#\/schema\/logo\/image\/"}}]}},"_links":{"self":[{"href":"https:\/\/oneroom-hotel.com\/en\/wp-json\/wp\/v2\/pages\/383","targetHints":{"allow":["GET"]}}],"collection":[{"href":"https:\/\/oneroom-hotel.com\/en\/wp-json\/wp\/v2\/pages"}],"about":[{"href":"https:\/\/oneroom-hotel.com\/en\/wp-json\/wp\/v2\/types\/page"}],"author":[{"embeddable":true,"href":"https:\/\/oneroom-hotel.com\/en\/wp-json\/wp\/v2\/users\/1"}],"replies":[{"embeddable":true,"href":"https:\/\/oneroom-hotel.com\/en\/wp-json\/wp\/v2\/comments?post=383"}],"version-history":[{"count":64,"href":"https:\/\/oneroom-hotel.com\/en\/wp-json\/wp\/v2\/pages\/383\/revisions"}],"predecessor-version":[{"id":1169,"href":"https:\/\/oneroom-hotel.com\/en\/wp-json\/wp\/v2\/pages\/383\/revisions\/1169"}],"wp:attachment":[{"href":"https:\/\/oneroom-hotel.com\/en\/wp-json\/wp\/v2\/media?parent=383"}],"curies":[{"name":"wp","href":"https:\/\/api.w.org\/{rel}","templated":true}]}}